{"id":74,"date":"2018-05-08T19:07:51","date_gmt":"2018-05-08T19:07:51","guid":{"rendered":"https:\/\/10milvagas.xyz\/?page_id=74"},"modified":"2024-08-22T14:04:11","modified_gmt":"2024-08-22T14:04:11","slug":"contato","status":"publish","type":"page","link":"https:\/\/10milvagas.xyz\/en\/contato\/","title":{"rendered":"Contact"},"content":{"rendered":"<div class=\"wpforms-container wpforms-container-full\" id=\"wpforms-6444\"><form id=\"wpforms-form-6444\" class=\"wpforms-validate wpforms-form wpforms-ajax-form\" data-formid=\"6444\" method=\"post\" enctype=\"multipart\/form-data\" action=\"\/en\/wp-json\/wp\/v2\/pages\/74\" data-token=\"3fbfdb094f5c5a58120036f5b46136af\" data-token-time=\"1777800170\" data-trp-original-action=\"\/en\/wp-json\/wp\/v2\/pages\/74\"><noscript class=\"wpforms-error-noscript\">Please enable JavaScript in your browser to complete this form.<\/noscript><div class=\"wpforms-field-container\"><div id=\"wpforms-6444-field_0-container\" class=\"wpforms-field wpforms-field-name\" data-field-id=\"0\"><label class=\"wpforms-field-label\" for=\"wpforms-6444-field_0\">Name <span class=\"wpforms-required-label\">*<\/span><\/label><input type=\"text\" id=\"wpforms-6444-field_0\" class=\"wpforms-field-medium wpforms-field-required\" name=\"wpforms[fields][0]\" required><\/div><div id=\"wpforms-6444-field_1-container\" class=\"wpforms-field wpforms-field-email\" data-field-id=\"1\"><label class=\"wpforms-field-label\" for=\"wpforms-6444-field_1\">E-mail <span class=\"wpforms-required-label\">*<\/span><\/label><input type=\"email\" id=\"wpforms-6444-field_1\" class=\"wpforms-field-medium wpforms-field-required\" name=\"wpforms[fields][1]\" spellcheck=\"false\" required><\/div><div id=\"wpforms-6444-field_2-container\" class=\"wpforms-field wpforms-field-textarea\" data-field-id=\"2\"><label class=\"wpforms-field-label\" for=\"wpforms-6444-field_2\">Message <span class=\"wpforms-required-label\">*<\/span><\/label><textarea id=\"wpforms-6444-field_2\" class=\"wpforms-field-medium wpforms-field-required\" name=\"wpforms[fields][2]\" required><\/textarea><\/div><\/div><!-- .wpforms-field-container --><div class=\"wpforms-recaptcha-container wpforms-is-turnstile\" ><div class=\"wpforms-turnstile\" data-sitekey=\"0x4AAAAAADAxWg93cOI0eZ8D\" data-action=\"FormID-6444\"><\/div><input type=\"text\" name=\"g-recaptcha-hidden\" class=\"wpforms-recaptcha-hidden\" style=\"position:absolute!important;clip:rect(0,0,0,0)!important;height:1px!important;width:1px!important;border:0!important;overflow:hidden!important;padding:0!important;margin:0!important;\" data-rule-turnstile=\"1\"><\/div><div class=\"wpforms-submit-container\" ><input type=\"hidden\" name=\"wpforms[id]\" value=\"6444\"><input type=\"hidden\" name=\"page_title\" value=\"\"><input type=\"hidden\" name=\"page_url\" value=\"https:\/\/10milvagas.xyz\/en\/wp-json\/wp\/v2\/pages\/74\"><input type=\"hidden\" name=\"url_referer\" value=\"\"><button type=\"submit\" name=\"wpforms[submit]\" id=\"wpforms-submit-6444\" class=\"wpforms-submit\" data-alt-text=\"Enviando...\" data-submit-text=\"Enviar\" aria-live=\"assertive\" value=\"wpforms-submit\">Send<\/button><img loading=\"lazy\" decoding=\"async\" src=\"https:\/\/10milvagas.xyz\/wp-content\/plugins\/wpforms-lite\/assets\/images\/submit-spin.svg\" class=\"wpforms-submit-spinner\" style=\"display: none;\" width=\"26\" height=\"26\" alt=\"Loading\"><\/div><input type=\"hidden\" name=\"trp-form-language\" value=\"en\"\/><\/form><\/div>  <!-- .wpforms-container -->\n<p><strong>CNPJ: 23963246000164 \/ Social Name:\u00a0<span class=\"tooltip\"><b class=\"copy\">Fabio L Oliveira de Menezes<\/b><\/span><\/strong><\/p>\n<p><b class=\"copy\">Rua Doutor Jose Anastacio da Silva Guimaraes 11 B Cxpst 02<br \/>\nIputinga<br \/>\nRecife PE<br \/>\n50680-620<\/b><\/p>\n<p>Our contact page is available to answer the questions of our readers. Please feel free to contact our team to clarify any queries you may have.<\/p>\n<p>You can easily send your message using the contact form we provide above. Fill in the fields with your information and send us your questions or comments. Our team is committed to responding as quickly as possible, offering the best service experience.<\/p>\n<p>The contact page on a news site is an essential tool for direct interaction between the public and our team. It allows readers to share suggestions, ask questions, relate technical problems or contribute with relevant information that may become news. This is the channel that facilitates dialogue and helps us constantly improve the content we offer.<\/p>\n<h3>How to use the contact form:<\/h3>\n<p>Our contact form is simple and intuitive, allowing you to send us your messages quickly and efficiently. See the main fields:<\/p>\n<ul>\n<li><strong>Full Name<\/strong>: So that we can identify or send it.<\/li>\n<li><strong>Email Address<\/strong>: Guaranteeing that we can respond to your messages efficiently.<\/li>\n<li><strong>Subject<\/strong>: This optional field allows you to indicate the message topic, such as Guideline Suggestion, Technical Problem or Question.<\/li>\n<li><strong>Message<\/strong>: The space where you can discover your doubts, suggestions or comments in details.<\/li>\n<li><strong>Appendix (optional)<\/strong>: If you want to share files, such as documents or images, especially if you are contributing additional information or complaints.<\/li>\n<\/ul>\n<p>We are ready to hear you. Please feel free to use this page as long as you need it!<\/p>","protected":false},"excerpt":{"rendered":"<p>CNPJ: 23963246000164 \/ Raz\u00e3o Social:\u00a0Fabio L Oliveira de Menezes Rua Doutor Jose Anastacio da Silva Guimaraes 11 B Cxpst 02 Iputinga Recife PE 50680-620 Nossa p\u00e1gina de contato est\u00e1 dispon\u00edvel&#8230;<\/p>","protected":false},"author":2,"featured_media":0,"parent":0,"menu_order":0,"comment_status":"closed","ping_status":"closed","template":"","meta":{"iawp_total_views":1680,"_wpbuilder_hide_header":"","_wpbuilder_hide_footer":"","_wpbuilder_hide_title":"","_wpbuilder_hide_sidebar":"","footnotes":""},"class_list":["post-74","page","type-page","status-publish","hentry"],"yoast_head":"<!-- This site is optimized with the Yoast SEO plugin v27.5 - https:\/\/yoast.com\/product\/yoast-seo-wordpress\/ -->\n<title>Contato - 10 mil vagas<\/title>\n<meta name=\"robots\" content=\"index, follow, max-snippet:-1, max-image-preview:large, max-video-preview:-1\" \/>\n<link rel=\"canonical\" href=\"https:\/\/10milvagas.xyz\/en\/contato\/\" \/>\n<meta property=\"og:locale\" content=\"en_US\" \/>\n<meta property=\"og:type\" content=\"article\" \/>\n<meta property=\"og:title\" content=\"Contato - 10 mil vagas\" \/>\n<meta property=\"og:description\" content=\"CNPJ: 23963246000164 \/ Raz\u00e3o Social:\u00a0Fabio L Oliveira de Menezes Rua Doutor Jose Anastacio da Silva Guimaraes 11 B Cxpst 02 Iputinga Recife PE 50680-620 Nossa p\u00e1gina de contato est\u00e1 dispon\u00edvel...\" \/>\n<meta property=\"og:url\" content=\"https:\/\/10milvagas.xyz\/en\/contato\/\" \/>\n<meta property=\"og:site_name\" content=\"10 mil vagas\" \/>\n<meta property=\"article:modified_time\" content=\"2024-08-22T14:04:11+00:00\" \/>\n<meta name=\"twitter:card\" content=\"summary_large_image\" \/>\n<meta name=\"twitter:label1\" content=\"Est. reading time\" \/>\n\t<meta name=\"twitter:data1\" content=\"2 minutes\" \/>\n<script type=\"application\/ld+json\" class=\"yoast-schema-graph\">{\"@context\":\"https:\\\/\\\/schema.org\",\"@graph\":[{\"@type\":\"WebPage\",\"@id\":\"https:\\\/\\\/10milvagas.xyz\\\/contato\\\/\",\"url\":\"https:\\\/\\\/10milvagas.xyz\\\/contato\\\/\",\"name\":\"Contato - 10 mil vagas\",\"isPartOf\":{\"@id\":\"https:\\\/\\\/10milvagas.xyz\\\/#website\"},\"datePublished\":\"2018-05-08T19:07:51+00:00\",\"dateModified\":\"2024-08-22T14:04:11+00:00\",\"breadcrumb\":{\"@id\":\"https:\\\/\\\/10milvagas.xyz\\\/contato\\\/#breadcrumb\"},\"inLanguage\":\"en-US\",\"potentialAction\":[{\"@type\":\"ReadAction\",\"target\":[\"https:\\\/\\\/10milvagas.xyz\\\/contato\\\/\"]}]},{\"@type\":\"BreadcrumbList\",\"@id\":\"https:\\\/\\\/10milvagas.xyz\\\/contato\\\/#breadcrumb\",\"itemListElement\":[{\"@type\":\"ListItem\",\"position\":1,\"name\":\"In\u00edcio\",\"item\":\"https:\\\/\\\/10milvagas.xyz\\\/\"},{\"@type\":\"ListItem\",\"position\":2,\"name\":\"Contato\"}]},{\"@type\":\"WebSite\",\"@id\":\"https:\\\/\\\/10milvagas.xyz\\\/#website\",\"url\":\"https:\\\/\\\/10milvagas.xyz\\\/\",\"name\":\"10 mil vagas\",\"description\":\"Site livre e com informa\u00e7\u00f5es relevantes\",\"publisher\":{\"@id\":\"https:\\\/\\\/10milvagas.xyz\\\/#organization\"},\"potentialAction\":[{\"@type\":\"SearchAction\",\"target\":{\"@type\":\"EntryPoint\",\"urlTemplate\":\"https:\\\/\\\/10milvagas.xyz\\\/?s={search_term_string}\"},\"query-input\":{\"@type\":\"PropertyValueSpecification\",\"valueRequired\":true,\"valueName\":\"search_term_string\"}}],\"inLanguage\":\"en-US\"},{\"@type\":\"Organization\",\"@id\":\"https:\\\/\\\/10milvagas.xyz\\\/#organization\",\"name\":\"10 mil vagas\",\"url\":\"https:\\\/\\\/10milvagas.xyz\\\/\",\"logo\":{\"@type\":\"ImageObject\",\"inLanguage\":\"en-US\",\"@id\":\"https:\\\/\\\/10milvagas.xyz\\\/#\\\/schema\\\/logo\\\/image\\\/\",\"url\":\"https:\\\/\\\/10milvagas.xyz\\\/wp-content\\\/uploads\\\/2025\\\/07\\\/logo-milvagas.png\",\"contentUrl\":\"https:\\\/\\\/10milvagas.xyz\\\/wp-content\\\/uploads\\\/2025\\\/07\\\/logo-milvagas.png\",\"width\":1222,\"height\":300,\"caption\":\"10 mil vagas\"},\"image\":{\"@id\":\"https:\\\/\\\/10milvagas.xyz\\\/#\\\/schema\\\/logo\\\/image\\\/\"}}]}<\/script>\n<!-- \/ Yoast SEO plugin. -->","yoast_head_json":{"title":"Contato - 10 mil vagas","robots":{"index":"index","follow":"follow","max-snippet":"max-snippet:-1","max-image-preview":"max-image-preview:large","max-video-preview":"max-video-preview:-1"},"canonical":"https:\/\/10milvagas.xyz\/en\/contato\/","og_locale":"en_US","og_type":"article","og_title":"Contato - 10 mil vagas","og_description":"CNPJ: 23963246000164 \/ Raz\u00e3o Social:\u00a0Fabio L Oliveira de Menezes Rua Doutor Jose Anastacio da Silva Guimaraes 11 B Cxpst 02 Iputinga Recife PE 50680-620 Nossa p\u00e1gina de contato est\u00e1 dispon\u00edvel...","og_url":"https:\/\/10milvagas.xyz\/en\/contato\/","og_site_name":"10 mil vagas","article_modified_time":"2024-08-22T14:04:11+00:00","twitter_card":"summary_large_image","twitter_misc":{"Est. reading time":"2 minutes"},"schema":{"@context":"https:\/\/schema.org","@graph":[{"@type":"WebPage","@id":"https:\/\/10milvagas.xyz\/contato\/","url":"https:\/\/10milvagas.xyz\/contato\/","name":"Contato - 10 mil vagas","isPartOf":{"@id":"https:\/\/10milvagas.xyz\/#website"},"datePublished":"2018-05-08T19:07:51+00:00","dateModified":"2024-08-22T14:04:11+00:00","breadcrumb":{"@id":"https:\/\/10milvagas.xyz\/contato\/#breadcrumb"},"inLanguage":"en-US","potentialAction":[{"@type":"ReadAction","target":["https:\/\/10milvagas.xyz\/contato\/"]}]},{"@type":"BreadcrumbList","@id":"https:\/\/10milvagas.xyz\/contato\/#breadcrumb","itemListElement":[{"@type":"ListItem","position":1,"name":"In\u00edcio","item":"https:\/\/10milvagas.xyz\/"},{"@type":"ListItem","position":2,"name":"Contato"}]},{"@type":"WebSite","@id":"https:\/\/10milvagas.xyz\/#website","url":"https:\/\/10milvagas.xyz\/","name":"10,000 lazy women","description":"Free site with relevant information","publisher":{"@id":"https:\/\/10milvagas.xyz\/#organization"},"potentialAction":[{"@type":"SearchAction","target":{"@type":"EntryPoint","urlTemplate":"https:\/\/10milvagas.xyz\/?s={search_term_string}"},"query-input":{"@type":"PropertyValueSpecification","valueRequired":true,"valueName":"search_term_string"}}],"inLanguage":"en-US"},{"@type":"Organization","@id":"https:\/\/10milvagas.xyz\/#organization","name":"10,000 lazy women","url":"https:\/\/10milvagas.xyz\/","logo":{"@type":"ImageObject","inLanguage":"en-US","@id":"https:\/\/10milvagas.xyz\/#\/schema\/logo\/image\/","url":"https:\/\/10milvagas.xyz\/wp-content\/uploads\/2025\/07\/logo-milvagas.png","contentUrl":"https:\/\/10milvagas.xyz\/wp-content\/uploads\/2025\/07\/logo-milvagas.png","width":1222,"height":300,"caption":"10 mil vagas"},"image":{"@id":"https:\/\/10milvagas.xyz\/#\/schema\/logo\/image\/"}}]}},"_links":{"self":[{"href":"https:\/\/10milvagas.xyz\/en\/wp-json\/wp\/v2\/pages\/74","targetHints":{"allow":["GET"]}}],"collection":[{"href":"https:\/\/10milvagas.xyz\/en\/wp-json\/wp\/v2\/pages"}],"about":[{"href":"https:\/\/10milvagas.xyz\/en\/wp-json\/wp\/v2\/types\/page"}],"author":[{"embeddable":true,"href":"https:\/\/10milvagas.xyz\/en\/wp-json\/wp\/v2\/users\/2"}],"replies":[{"embeddable":true,"href":"https:\/\/10milvagas.xyz\/en\/wp-json\/wp\/v2\/comments?post=74"}],"version-history":[{"count":3,"href":"https:\/\/10milvagas.xyz\/en\/wp-json\/wp\/v2\/pages\/74\/revisions"}],"predecessor-version":[{"id":6593,"href":"https:\/\/10milvagas.xyz\/en\/wp-json\/wp\/v2\/pages\/74\/revisions\/6593"}],"wp:attachment":[{"href":"https:\/\/10milvagas.xyz\/en\/wp-json\/wp\/v2\/media?parent=74"}],"curies":[{"name":"wp","href":"https:\/\/api.w.org\/{rel}","templated":true}]}}