{"id":4482,"date":"2019-12-04T14:35:28","date_gmt":"2019-12-04T18:35:28","guid":{"rendered":"https:\/\/10milvagas.xyz\/?page_id=4482"},"modified":"2019-12-04T14:35:28","modified_gmt":"2019-12-04T18:35:28","slug":"termos-de-uso","status":"publish","type":"page","link":"https:\/\/10milvagas.xyz\/en\/termos-de-uso\/","title":{"rendered":"Thermoses for use"},"content":{"rendered":"<p>Thermoses for use<br \/>\n1. Thermoses<br \/>\nTo access the site at https:\/\/10milvagas.xyz\/, you agree to comply with these terms of service, all applicable laws and regulations and agree to be responsible for compliance with all applicable local laws. If you do not agree with any of these terms, you are prohibited from using or accessing this site. The contents of this site are protected by copyright laws and applicable trademarks.<br \/>\n2. License for Use<\/p>\n<p>Permission is granted to temporarily download a copy of the materials (information or software) on the World News site, for personal and non-commercial transitory viewing only. This is the granting of a license, not a transfer of title and, on this license, you cannot:<\/p>\n<p>modify or copy the materials;<br \/>\nuse the materials for any commercial purpose or for public display (commercial or non-commercial);<br \/>\nattempt to decompile or perform reverse engineering of any software contained on the Noticias do Mundo site;<br \/>\nremove any copyright or other proprietary notices; ou<br \/>\ntransfer your materials to another person or &quot;spelhar&quot; your materials on any other server.<\/p>\n<p>This license will be automatically terminated if you violate any of these restrictions and may be terminated by Noticias do Mundo at any time. Before enclosing the display of these materials or after the end of this license, you must destroy all downloaded materials in your possession, whether in electronic or printed format.<\/p>\n<p>3. Disclosure of responsibility<\/p>\n<p>The materials on the World News site are provided &#039;in the state in which they are found&#039;. O Noticias do Mundo does not offer any warranties, express or implied, and hereby disclaims all other warranties, including, without limitation, implied warranties or conditions of marketing, fitness for a specific purpose or non-infringement of intellectual property or other infringement of rights.<br \/>\nAl\u00e9m disso, o Noticias do Mundo does not guarantee or make declarations regarding the precision, the results prove or the reliability of the use of two materials on its site or otherwise related to these materials or on sites linked to this site.<\/p>\n<p>4. Limitations<br \/>\nIn any case, Noticias do Mundo or its suppliers will be liable for any damages (including, without limitation, damages for loss of data or profit or due to business interruption) arising from the use or inability to use the materials of the Noticias do Mundo site, as well as Noticias do Mundo or an authorized representative of the website. Noticias do Mundo has been notified orally or in writing of the possibility of such damage. As some jurisdictions do not allow limitations on implied warranties, or limitations of liability for consequential or incidental damages, these limitations may not apply to you.<br \/>\n5. Precision of materials<br \/>\nThe materials that appear on the Noticias do Mundo site may include technical, typographical or photographic errors. O Noticias do Mundo does not guarantee that any material on its site is accurate, complete or current. O Noticias do Mundo may make alterations to the contents of its site at any time, without prior notice. However, Noticias do Mundo does not undertake to update the material.<br \/>\n6. Links<br \/>\nO Noticias do Mundo does not review all sites linked to its site and is not responsible for the content of any linked site. Even any link does not imply endorsement by Noticias do Mundo of the site. The use of any linked site is at the user&#039;s own risk.<br \/>\n7. Modifications<br \/>\nO Noticias do Mundo can review these service terms for its site at any time, without prior notice. When using this site, you agree to be linked to the current version of these service terms.<br \/>\n8. Applicable Law<br \/>\nThese terms and conditions are governed and interpreted in accordance with the laws of Brazil and are irrevocably subject to the exclusive jurisdiction of the tribunais of the State or locality.<br \/>\nGenerated by GetTerms.io<\/p>","protected":false},"excerpt":{"rendered":"<p>Termos de uso 1. Termos Ao acessar o site em https:\/\/10milvagas.xyz\/, voc\u00ea concorda em cumprir estes termos de servi\u00e7o, todas as leis e regulamentos aplic\u00e1veis \u200b\u200be concorda em ser respons\u00e1vel&#8230;<\/p>","protected":false},"author":2,"featured_media":0,"parent":0,"menu_order":0,"comment_status":"closed","ping_status":"closed","template":"","meta":{"iawp_total_views":889,"_wpbuilder_hide_header":"","_wpbuilder_hide_footer":"","_wpbuilder_hide_title":"","_wpbuilder_hide_sidebar":"","footnotes":""},"class_list":["post-4482","page","type-page","status-publish","hentry"],"yoast_head":"<!-- This site is optimized with the Yoast SEO plugin v27.5 - https:\/\/yoast.com\/product\/yoast-seo-wordpress\/ -->\n<title>Termos de uso - 10 mil vagas<\/title>\n<meta name=\"robots\" content=\"index, follow, max-snippet:-1, max-image-preview:large, max-video-preview:-1\" \/>\n<link rel=\"canonical\" href=\"http:\/\/10milvagas.xyz\/en\/termos-de-uso\/\" \/>\n<meta property=\"og:locale\" content=\"en_US\" \/>\n<meta property=\"og:type\" content=\"article\" \/>\n<meta property=\"og:title\" content=\"Termos de uso - 10 mil vagas\" \/>\n<meta property=\"og:description\" content=\"Termos de uso 1. Termos Ao acessar o site em https:\/\/10milvagas.xyz\/, voc\u00ea concorda em cumprir estes termos de servi\u00e7o, todas as leis e regulamentos aplic\u00e1veis \u200b\u200be concorda em ser respons\u00e1vel...\" \/>\n<meta property=\"og:url\" content=\"http:\/\/10milvagas.xyz\/en\/termos-de-uso\/\" \/>\n<meta property=\"og:site_name\" content=\"10 mil vagas\" \/>\n<meta name=\"twitter:card\" content=\"summary_large_image\" \/>\n<meta name=\"twitter:label1\" content=\"Est. reading time\" \/>\n\t<meta name=\"twitter:data1\" content=\"4 minutes\" \/>\n<script type=\"application\/ld+json\" class=\"yoast-schema-graph\">{\"@context\":\"https:\\\/\\\/schema.org\",\"@graph\":[{\"@type\":\"WebPage\",\"@id\":\"http:\\\/\\\/10milvagas.xyz\\\/termos-de-uso\\\/\",\"url\":\"http:\\\/\\\/10milvagas.xyz\\\/termos-de-uso\\\/\",\"name\":\"Termos de uso - 10 mil vagas\",\"isPartOf\":{\"@id\":\"https:\\\/\\\/10milvagas.xyz\\\/#website\"},\"datePublished\":\"2019-12-04T18:35:28+00:00\",\"breadcrumb\":{\"@id\":\"http:\\\/\\\/10milvagas.xyz\\\/termos-de-uso\\\/#breadcrumb\"},\"inLanguage\":\"en-US\",\"potentialAction\":[{\"@type\":\"ReadAction\",\"target\":[\"http:\\\/\\\/10milvagas.xyz\\\/termos-de-uso\\\/\"]}]},{\"@type\":\"BreadcrumbList\",\"@id\":\"http:\\\/\\\/10milvagas.xyz\\\/termos-de-uso\\\/#breadcrumb\",\"itemListElement\":[{\"@type\":\"ListItem\",\"position\":1,\"name\":\"In\u00edcio\",\"item\":\"https:\\\/\\\/10milvagas.xyz\\\/\"},{\"@type\":\"ListItem\",\"position\":2,\"name\":\"Termos de uso\"}]},{\"@type\":\"WebSite\",\"@id\":\"https:\\\/\\\/10milvagas.xyz\\\/#website\",\"url\":\"https:\\\/\\\/10milvagas.xyz\\\/\",\"name\":\"10 mil vagas\",\"description\":\"Site livre e com informa\u00e7\u00f5es relevantes\",\"publisher\":{\"@id\":\"https:\\\/\\\/10milvagas.xyz\\\/#organization\"},\"potentialAction\":[{\"@type\":\"SearchAction\",\"target\":{\"@type\":\"EntryPoint\",\"urlTemplate\":\"https:\\\/\\\/10milvagas.xyz\\\/?s={search_term_string}\"},\"query-input\":{\"@type\":\"PropertyValueSpecification\",\"valueRequired\":true,\"valueName\":\"search_term_string\"}}],\"inLanguage\":\"en-US\"},{\"@type\":\"Organization\",\"@id\":\"https:\\\/\\\/10milvagas.xyz\\\/#organization\",\"name\":\"10 mil vagas\",\"url\":\"https:\\\/\\\/10milvagas.xyz\\\/\",\"logo\":{\"@type\":\"ImageObject\",\"inLanguage\":\"en-US\",\"@id\":\"https:\\\/\\\/10milvagas.xyz\\\/#\\\/schema\\\/logo\\\/image\\\/\",\"url\":\"https:\\\/\\\/10milvagas.xyz\\\/wp-content\\\/uploads\\\/2025\\\/07\\\/logo-milvagas.png\",\"contentUrl\":\"https:\\\/\\\/10milvagas.xyz\\\/wp-content\\\/uploads\\\/2025\\\/07\\\/logo-milvagas.png\",\"width\":1222,\"height\":300,\"caption\":\"10 mil vagas\"},\"image\":{\"@id\":\"https:\\\/\\\/10milvagas.xyz\\\/#\\\/schema\\\/logo\\\/image\\\/\"}}]}<\/script>\n<!-- \/ Yoast SEO plugin. -->","yoast_head_json":{"title":"Termos de uso - 10 mil vagas","robots":{"index":"index","follow":"follow","max-snippet":"max-snippet:-1","max-image-preview":"max-image-preview:large","max-video-preview":"max-video-preview:-1"},"canonical":"http:\/\/10milvagas.xyz\/en\/termos-de-uso\/","og_locale":"en_US","og_type":"article","og_title":"Termos de uso - 10 mil vagas","og_description":"Termos de uso 1. Termos Ao acessar o site em https:\/\/10milvagas.xyz\/, voc\u00ea concorda em cumprir estes termos de servi\u00e7o, todas as leis e regulamentos aplic\u00e1veis \u200b\u200be concorda em ser respons\u00e1vel...","og_url":"http:\/\/10milvagas.xyz\/en\/termos-de-uso\/","og_site_name":"10 mil vagas","twitter_card":"summary_large_image","twitter_misc":{"Est. reading time":"4 minutes"},"schema":{"@context":"https:\/\/schema.org","@graph":[{"@type":"WebPage","@id":"http:\/\/10milvagas.xyz\/termos-de-uso\/","url":"http:\/\/10milvagas.xyz\/termos-de-uso\/","name":"Termos de uso - 10 mil vagas","isPartOf":{"@id":"https:\/\/10milvagas.xyz\/#website"},"datePublished":"2019-12-04T18:35:28+00:00","breadcrumb":{"@id":"http:\/\/10milvagas.xyz\/termos-de-uso\/#breadcrumb"},"inLanguage":"en-US","potentialAction":[{"@type":"ReadAction","target":["http:\/\/10milvagas.xyz\/termos-de-uso\/"]}]},{"@type":"BreadcrumbList","@id":"http:\/\/10milvagas.xyz\/termos-de-uso\/#breadcrumb","itemListElement":[{"@type":"ListItem","position":1,"name":"In\u00edcio","item":"https:\/\/10milvagas.xyz\/"},{"@type":"ListItem","position":2,"name":"Termos de uso"}]},{"@type":"WebSite","@id":"https:\/\/10milvagas.xyz\/#website","url":"https:\/\/10milvagas.xyz\/","name":"10,000 lazy women","description":"Free site with relevant information","publisher":{"@id":"https:\/\/10milvagas.xyz\/#organization"},"potentialAction":[{"@type":"SearchAction","target":{"@type":"EntryPoint","urlTemplate":"https:\/\/10milvagas.xyz\/?s={search_term_string}"},"query-input":{"@type":"PropertyValueSpecification","valueRequired":true,"valueName":"search_term_string"}}],"inLanguage":"en-US"},{"@type":"Organization","@id":"https:\/\/10milvagas.xyz\/#organization","name":"10,000 lazy women","url":"https:\/\/10milvagas.xyz\/","logo":{"@type":"ImageObject","inLanguage":"en-US","@id":"https:\/\/10milvagas.xyz\/#\/schema\/logo\/image\/","url":"https:\/\/10milvagas.xyz\/wp-content\/uploads\/2025\/07\/logo-milvagas.png","contentUrl":"https:\/\/10milvagas.xyz\/wp-content\/uploads\/2025\/07\/logo-milvagas.png","width":1222,"height":300,"caption":"10 mil vagas"},"image":{"@id":"https:\/\/10milvagas.xyz\/#\/schema\/logo\/image\/"}}]}},"_links":{"self":[{"href":"https:\/\/10milvagas.xyz\/en\/wp-json\/wp\/v2\/pages\/4482","targetHints":{"allow":["GET"]}}],"collection":[{"href":"https:\/\/10milvagas.xyz\/en\/wp-json\/wp\/v2\/pages"}],"about":[{"href":"https:\/\/10milvagas.xyz\/en\/wp-json\/wp\/v2\/types\/page"}],"author":[{"embeddable":true,"href":"https:\/\/10milvagas.xyz\/en\/wp-json\/wp\/v2\/users\/2"}],"replies":[{"embeddable":true,"href":"https:\/\/10milvagas.xyz\/en\/wp-json\/wp\/v2\/comments?post=4482"}],"version-history":[{"count":0,"href":"https:\/\/10milvagas.xyz\/en\/wp-json\/wp\/v2\/pages\/4482\/revisions"}],"wp:attachment":[{"href":"https:\/\/10milvagas.xyz\/en\/wp-json\/wp\/v2\/media?parent=4482"}],"curies":[{"name":"wp","href":"https:\/\/api.w.org\/{rel}","templated":true}]}}