{"id":11,"date":"2018-05-08T17:52:24","date_gmt":"2018-05-08T17:52:24","guid":{"rendered":"https:\/\/10milvagas.xyz\/?page_id=2"},"modified":"2022-12-23T01:24:08","modified_gmt":"2022-12-23T01:24:08","slug":"nossa-politica-de-privacidade","status":"publish","type":"page","link":"https:\/\/10milvagas.xyz\/en\/nossa-politica-de-privacidade\/","title":{"rendered":"Privacy Policy"},"content":{"rendered":"<h2>Privacy policy for <a href=\"https:\/\/10milvagas.xyz\/en\/\">10,000 VAGABONS<\/a><\/h2>\n<p>All of your personal information collected will be used to help make your visit to our site more productive and enjoyable as possible.<\/p>\n<p>NOSSA PRIVACY POLICY<\/p>\n<p>The guarantee of confidentiality of the personal data of the users of our site is important for 10 THOUSAND VAGAS.<\/p>\n<p>All personal information relating to members, clients, clients or visitors that use 10 MIL VAGAS will be treated in accordance with the Personal Data Protection Law of October 26, 1998 (Lei no. 67\/98).<\/p>\n<p>The personal information collected may include your name, e-mail, telephone number and\/or mobile phone, address, birth date and\/or other information.<\/p>\n<p>Or use 10 THOUSAND VAGAS press the oil of this Privacy Agreement. Equipped with 10 THOUSAND VAGAS reserves, you have the right to alter this agreement without prior notice. Therefore, we recommend that you consult our privacy policy regularly so that you are always up to date.<\/p>\n<h2>The announcements<\/h2>\n<p>NOSSA PRIVACY POLICY<\/p>\n<p>Like other websites, we collect and use information contained in advertisements. The information contained herein is provided to us, including your IP address (Internet Protocol), your ISP (Internet Service Provider, such as Sapo, Clix, or others), the browser you used to visit our website (such as Internet Explorer or Firefox), the time of your visit and which pages you visited within our website.<\/p>\n<h2>Cookie DoubleClick Dart<\/h2>\n<p>O Google, as a third-party provider, uses cookies to display advertisements on our website;<\/p>\n<p>As a DART cookie, Google may display ads based on your reader&#039;s visits to other websites on the Internet;<\/p>\n<p>Users can deactivate the DART cookie by visiting the Privacy Policy. <a title=\"content network privacy\" href=\"http:\/\/politicaprivacidade.com\/\">content network privacy<\/a> and two Google ads.<\/p>\n<h2>Cookies and Web Beacons<\/h2>\n<p>We use cookies to store information, as well as your individual preferences when visiting our website. This may include a simple popup, or a link to various services that we provide, such as forums.<\/p>\n<p>In addition, we also use third-party advertising on our website to support maintenance costs. Some of these advertisements may use technologies such as cookies and\/or web beacons when advertising on our website, which will help these advertisements (such as Google through Google AdSense) also receive your personal information, such as your IP address, your ISP, your browser, etc. This function is generally used for geotargeting (showing Lisbon advertising only to readers originally from Lisbon, for example) or for presenting advertising aimed at a type of user (such as showing restaurant advertising to a user who visits culinary sites regularly, for example).<\/p>\n<p>You have the power to disable your cookies, in the options of your browser, or make changes to the tools of Anti-Virus programs, such as Norton Internet Security. However, this may change the way you interact with our website, or other websites. This will be able to affect or not allow you to log in to programs, sites or forums of ours and other networks.<\/p>\n<h2>Links to Third Party Sites<\/h2>\n<p>O 10 MIL VAGAS possui links for other sites, as we see, we can contain information \/ tools useful for our visitors. Our privacy policy does not apply to third-party sites, so if you visit another site from our site you should read the same privacy policy.<\/p>\n<p>We are not responsible for the privacy policy or content present on the same sites.<\/p>","protected":false},"excerpt":{"rendered":"<p>Pol\u00edtica de privacidade para 10 MIL VAGAS Todas as suas informa\u00e7\u00f5es pessoais recolhidas, ser\u00e3o usadas para o ajudar a tornar a sua visita no nosso site o mais produtiva e&#8230;<\/p>","protected":false},"author":2,"featured_media":0,"parent":0,"menu_order":0,"comment_status":"closed","ping_status":"open","template":"","meta":{"iawp_total_views":1821,"footnotes":""},"class_list":["post-11","page","type-page","status-publish","hentry"],"yoast_head":"<!-- This site is optimized with the Yoast SEO plugin v27.5 - https:\/\/yoast.com\/product\/yoast-seo-wordpress\/ -->\n<title>Politica de Privacidade - 10 mil vagas<\/title>\n<meta name=\"description\" content=\"POL\u00cdTICA DE PRIVACIDADE, vagas abertas, 10 milvagas envie seu curr\u00edculo,empresas contratam - aumente sua chance de conseguir um emprego aqui\" \/>\n<meta name=\"robots\" content=\"index, follow, max-snippet:-1, max-image-preview:large, max-video-preview:-1\" \/>\n<link rel=\"canonical\" href=\"https:\/\/10milvagas.xyz\/en\/nossa-politica-de-privacidade\/\" \/>\n<meta property=\"og:locale\" content=\"en_US\" \/>\n<meta property=\"og:type\" content=\"article\" \/>\n<meta property=\"og:title\" content=\"Politica de Privacidade - 10 mil vagas\" \/>\n<meta property=\"og:description\" content=\"POL\u00cdTICA DE PRIVACIDADE, vagas abertas, 10 milvagas envie seu curr\u00edculo,empresas contratam - aumente sua chance de conseguir um emprego aqui\" \/>\n<meta property=\"og:url\" content=\"https:\/\/10milvagas.xyz\/en\/nossa-politica-de-privacidade\/\" \/>\n<meta property=\"og:site_name\" content=\"10 mil vagas\" \/>\n<meta property=\"article:modified_time\" content=\"2022-12-23T01:24:08+00:00\" \/>\n<meta name=\"twitter:card\" content=\"summary_large_image\" \/>\n<meta name=\"twitter:label1\" content=\"Est. reading time\" \/>\n\t<meta name=\"twitter:data1\" content=\"4 minutes\" \/>\n<script type=\"application\/ld+json\" class=\"yoast-schema-graph\">{\"@context\":\"https:\\\/\\\/schema.org\",\"@graph\":[{\"@type\":\"WebPage\",\"@id\":\"https:\\\/\\\/10milvagas.xyz\\\/nossa-politica-de-privacidade\\\/\",\"url\":\"https:\\\/\\\/10milvagas.xyz\\\/nossa-politica-de-privacidade\\\/\",\"name\":\"Politica de Privacidade - 10 mil vagas\",\"isPartOf\":{\"@id\":\"https:\\\/\\\/10milvagas.xyz\\\/#website\"},\"datePublished\":\"2018-05-08T17:52:24+00:00\",\"dateModified\":\"2022-12-23T01:24:08+00:00\",\"description\":\"POL\u00cdTICA DE PRIVACIDADE, vagas abertas, 10 milvagas envie seu curr\u00edculo,empresas contratam - aumente sua chance de conseguir um emprego aqui\",\"breadcrumb\":{\"@id\":\"https:\\\/\\\/10milvagas.xyz\\\/nossa-politica-de-privacidade\\\/#breadcrumb\"},\"inLanguage\":\"en-US\",\"potentialAction\":[{\"@type\":\"ReadAction\",\"target\":[\"https:\\\/\\\/10milvagas.xyz\\\/nossa-politica-de-privacidade\\\/\"]}]},{\"@type\":\"BreadcrumbList\",\"@id\":\"https:\\\/\\\/10milvagas.xyz\\\/nossa-politica-de-privacidade\\\/#breadcrumb\",\"itemListElement\":[{\"@type\":\"ListItem\",\"position\":1,\"name\":\"In\u00edcio\",\"item\":\"https:\\\/\\\/10milvagas.xyz\\\/\"},{\"@type\":\"ListItem\",\"position\":2,\"name\":\"Politica de Privacidade\"}]},{\"@type\":\"WebSite\",\"@id\":\"https:\\\/\\\/10milvagas.xyz\\\/#website\",\"url\":\"https:\\\/\\\/10milvagas.xyz\\\/\",\"name\":\"10 mil vagas\",\"description\":\"Site livre e com informa\u00e7\u00f5es relevantes\",\"publisher\":{\"@id\":\"https:\\\/\\\/10milvagas.xyz\\\/#organization\"},\"potentialAction\":[{\"@type\":\"SearchAction\",\"target\":{\"@type\":\"EntryPoint\",\"urlTemplate\":\"https:\\\/\\\/10milvagas.xyz\\\/?s={search_term_string}\"},\"query-input\":{\"@type\":\"PropertyValueSpecification\",\"valueRequired\":true,\"valueName\":\"search_term_string\"}}],\"inLanguage\":\"en-US\"},{\"@type\":\"Organization\",\"@id\":\"https:\\\/\\\/10milvagas.xyz\\\/#organization\",\"name\":\"10 mil vagas\",\"url\":\"https:\\\/\\\/10milvagas.xyz\\\/\",\"logo\":{\"@type\":\"ImageObject\",\"inLanguage\":\"en-US\",\"@id\":\"https:\\\/\\\/10milvagas.xyz\\\/#\\\/schema\\\/logo\\\/image\\\/\",\"url\":\"https:\\\/\\\/10milvagas.xyz\\\/wp-content\\\/uploads\\\/2025\\\/07\\\/logo-milvagas.png\",\"contentUrl\":\"https:\\\/\\\/10milvagas.xyz\\\/wp-content\\\/uploads\\\/2025\\\/07\\\/logo-milvagas.png\",\"width\":1222,\"height\":300,\"caption\":\"10 mil vagas\"},\"image\":{\"@id\":\"https:\\\/\\\/10milvagas.xyz\\\/#\\\/schema\\\/logo\\\/image\\\/\"}}]}<\/script>\n<!-- \/ Yoast SEO plugin. -->","yoast_head_json":{"title":"Politica de Privacidade - 10 mil vagas","description":"POL\u00cdTICA DE PRIVACIDADE, vagas abertas, 10 milvagas envie seu curr\u00edculo,empresas contratam - aumente sua chance de conseguir um emprego aqui","robots":{"index":"index","follow":"follow","max-snippet":"max-snippet:-1","max-image-preview":"max-image-preview:large","max-video-preview":"max-video-preview:-1"},"canonical":"https:\/\/10milvagas.xyz\/en\/nossa-politica-de-privacidade\/","og_locale":"en_US","og_type":"article","og_title":"Politica de Privacidade - 10 mil vagas","og_description":"POL\u00cdTICA DE PRIVACIDADE, vagas abertas, 10 milvagas envie seu curr\u00edculo,empresas contratam - aumente sua chance de conseguir um emprego aqui","og_url":"https:\/\/10milvagas.xyz\/en\/nossa-politica-de-privacidade\/","og_site_name":"10 mil vagas","article_modified_time":"2022-12-23T01:24:08+00:00","twitter_card":"summary_large_image","twitter_misc":{"Est. reading time":"4 minutes"},"schema":{"@context":"https:\/\/schema.org","@graph":[{"@type":"WebPage","@id":"https:\/\/10milvagas.xyz\/nossa-politica-de-privacidade\/","url":"https:\/\/10milvagas.xyz\/nossa-politica-de-privacidade\/","name":"Politica de Privacidade - 10 mil vagas","isPartOf":{"@id":"https:\/\/10milvagas.xyz\/#website"},"datePublished":"2018-05-08T17:52:24+00:00","dateModified":"2022-12-23T01:24:08+00:00","description":"POL\u00cdTICA DE PRIVACIDADE, vagas abertas, 10 milvagas envie seu curr\u00edculo,empresas contratam - aumente sua chance de conseguir um emprego aqui","breadcrumb":{"@id":"https:\/\/10milvagas.xyz\/nossa-politica-de-privacidade\/#breadcrumb"},"inLanguage":"en-US","potentialAction":[{"@type":"ReadAction","target":["https:\/\/10milvagas.xyz\/nossa-politica-de-privacidade\/"]}]},{"@type":"BreadcrumbList","@id":"https:\/\/10milvagas.xyz\/nossa-politica-de-privacidade\/#breadcrumb","itemListElement":[{"@type":"ListItem","position":1,"name":"In\u00edcio","item":"https:\/\/10milvagas.xyz\/"},{"@type":"ListItem","position":2,"name":"Politica de Privacidade"}]},{"@type":"WebSite","@id":"https:\/\/10milvagas.xyz\/#website","url":"https:\/\/10milvagas.xyz\/","name":"10,000 lazy women","description":"Free site with relevant information","publisher":{"@id":"https:\/\/10milvagas.xyz\/#organization"},"potentialAction":[{"@type":"SearchAction","target":{"@type":"EntryPoint","urlTemplate":"https:\/\/10milvagas.xyz\/?s={search_term_string}"},"query-input":{"@type":"PropertyValueSpecification","valueRequired":true,"valueName":"search_term_string"}}],"inLanguage":"en-US"},{"@type":"Organization","@id":"https:\/\/10milvagas.xyz\/#organization","name":"10,000 lazy women","url":"https:\/\/10milvagas.xyz\/","logo":{"@type":"ImageObject","inLanguage":"en-US","@id":"https:\/\/10milvagas.xyz\/#\/schema\/logo\/image\/","url":"https:\/\/10milvagas.xyz\/wp-content\/uploads\/2025\/07\/logo-milvagas.png","contentUrl":"https:\/\/10milvagas.xyz\/wp-content\/uploads\/2025\/07\/logo-milvagas.png","width":1222,"height":300,"caption":"10 mil vagas"},"image":{"@id":"https:\/\/10milvagas.xyz\/#\/schema\/logo\/image\/"}}]}},"_links":{"self":[{"href":"https:\/\/10milvagas.xyz\/en\/wp-json\/wp\/v2\/pages\/11","targetHints":{"allow":["GET"]}}],"collection":[{"href":"https:\/\/10milvagas.xyz\/en\/wp-json\/wp\/v2\/pages"}],"about":[{"href":"https:\/\/10milvagas.xyz\/en\/wp-json\/wp\/v2\/types\/page"}],"author":[{"embeddable":true,"href":"https:\/\/10milvagas.xyz\/en\/wp-json\/wp\/v2\/users\/2"}],"replies":[{"embeddable":true,"href":"https:\/\/10milvagas.xyz\/en\/wp-json\/wp\/v2\/comments?post=11"}],"version-history":[{"count":2,"href":"https:\/\/10milvagas.xyz\/en\/wp-json\/wp\/v2\/pages\/11\/revisions"}],"predecessor-version":[{"id":6443,"href":"https:\/\/10milvagas.xyz\/en\/wp-json\/wp\/v2\/pages\/11\/revisions\/6443"}],"wp:attachment":[{"href":"https:\/\/10milvagas.xyz\/en\/wp-json\/wp\/v2\/media?parent=11"}],"curies":[{"name":"wp","href":"https:\/\/api.w.org\/{rel}","templated":true}]}}